{"id":3,"date":"2023-04-20T09:17:16","date_gmt":"2023-04-20T09:17:16","guid":{"rendered":"http:\/\/divorciossevilla.com\/?page_id=3"},"modified":"2023-05-23T08:25:26","modified_gmt":"2023-05-23T08:25:26","slug":"politica-privacidad","status":"publish","type":"page","link":"https:\/\/divorciossevilla.com\/index.php\/politica-privacidad\/","title":{"rendered":"Pol\u00edtica privacidad"},"content":{"rendered":"\n<h2 class=\"wp-block-heading\">Qui\u00e9nes somos<\/h2>\n\n\n\n<p><strong class=\"privacy-policy-tutorial\">Texto sugerido: <\/strong>La direcci\u00f3n de nuestra web es: https:\/\/divorciossevilla.com.<\/p>\n\n\n\n<p>FRANCISCO JAVIER VALVERDE L\u00d3PEZ-CA\u00d1ETE, con email\u00a0<a href=\"mailto:inmaculada@santacruzabogados.com\">info@divorciossevilla.com<\/a>, tel\u00e9fono 954.690.33 y domicilio en C\/Zeus, Local sn, 41014, Sevilla, es abogado y responsable del equipo Divorcios Sevilla. Hacemos tratamiento de datos de nuestros clientes y contactos en estricto cumplimiento de la Ley. Nos obliga el secreto profesional y el deber de confidencialidad.<\/p>\n\n\n\n<p>La legislaci\u00f3n nos obliga a informar de lo que vamos a hacer con los datos y a hacerlo de una forma clara y transparente.<\/p>\n\n\n\n<p>Cumplimos con lo dispuesto en la L.O. 3\/2018 de Protecci\u00f3n de Datos de Car\u00e1cter Personal(LOPDGDD) y en el Reglamento 2016\/679 General de Protecci\u00f3n de Datos de la Uni\u00f3n Europea (RGPD).<\/p>\n\n\n\n<p>Aplicamos las medidas de seguridad necesarias para evitar la alteraci\u00f3n, p\u00e9rdida, tratamiento o acceso no autorizado de los datos personales, habida cuenta en todo momento del estado de la tecnolog\u00eda. De todas formas, el usuario debe ser consciente de que las medidas de seguridad en Internet no son inexpugnables. Somos respetuosos en todo caso con la voluntad de nuestros contactos en el tratamiento de su informaci\u00f3n.<\/p>\n\n\n\n<p>El usuario se hace responsable de la veracidad de la informaci\u00f3n que nos proporcione as\u00ed como de su actualizaci\u00f3n. Igualmente ser\u00e1 responsable de cualquier da\u00f1o o perjuicio que pudiera derivarse como consecuencia de que los datos facilitados sean falsos, inexactos o no se encuentren actualizados.<\/p>\n\n\n\n<h2 class=\"wp-block-heading\">Finalidad<\/h2>\n\n\n\n<p>S\u00f3lo solicitaremos la informaci\u00f3n imprescindible en cada momento para prestar nuestros servicios e informar de novedades y otros contenidos vinculados con nuestra especialidad que puedan ser del inter\u00e9s de nuestros clientes y contactos.<\/p>\n\n\n\n<h2 class=\"wp-block-heading\">Legitimaci\u00f3n para el tratamiento de datos personales<\/h2>\n\n\n\n<p>Siempre recabaremos el consentimiento respetando la Ley y no utilizaremos dichos datos personales para fines distintos.<\/p>\n\n\n\n<h2 class=\"wp-block-heading\">Tiempos de conservaci\u00f3n<\/h2>\n\n\n\n<p>Los datos de las consultas y contactos que recibamos a trav\u00e9s de la web los conservaremos durante un tiempo m\u00e1ximo de seis meses ya que s\u00f3lo los utilizaremos para dar respuesta a la consulta.<\/p>\n\n\n\n<p>Si recibimos alg\u00fan CV lo destruiremos autom\u00e1ticamente en caso de no estar interesados en la contrataci\u00f3n de la persona \u00f3 empresa.<\/p>\n\n\n\n<p>Si recogemos datos para el env\u00edo de newsletters guardaremos los datos mientras el usuario no manifieste su negativa a recibirlos.<\/p>\n\n\n\n<h2 class=\"wp-block-heading\">Destinatarios<\/h2>\n\n\n\n<p>No comunicaremos los datos personales a terceros con excepci\u00f3n del cumplimiento de las obligaciones legales vinculadas con nuestra prestaci\u00f3n de servicios (obligaciones administrativas, fiscales y tributarias, judiciales, etc) siendo por lo tanto destinatarios las administraciones p\u00fablicas, juzgados y organismos oficiales a los que tengamos que comunicar sus datos en cumplimiento de las citadas obligaciones.<\/p>\n\n\n\n<p>No haremos cesi\u00f3n de datos en ning\u00fan caso a terceros.<\/p>\n\n\n\n<p><\/p>\n\n\n\n<h3 class=\"wp-block-heading\">Derechos de los usuarios y contacto para cualquier cuesti\u00f3n relacionada con sus datos personales<\/h3>\n\n\n\n<p>El usuario puede ejercer su derecho a acceder, modificar o suprimir sus datos en el email&nbsp;<a href=\"mailto:inmaculada@santacruzabogados.com\">info@divorciossevilla.com<\/a>&nbsp;as\u00ed como ejercitar sus derechos de oposici\u00f3n, limitaci\u00f3n y portabilidad.<\/p>\n\n\n\n<h2 class=\"wp-block-heading\">Qu\u00e9 derechos tienes sobre tus datos<\/h2>\n\n\n\n<p>Si tienes una cuenta o has dejado comentarios en esta web, puedes solicitar recibir un archivo de exportaci\u00f3n de los datos personales que tenemos sobre ti, incluyendo cualquier dato que nos hayas proporcionado. Tambi\u00e9n puedes solicitar que eliminemos cualquier dato personal que tengamos sobre ti. Esto no incluye ning\u00fan dato que estemos obligados a conservar con fines administrativos, legales o de seguridad.<\/p>\n\n\n\n<h2 class=\"wp-block-heading\">Reclamaciones<\/h2>\n\n\n\n<p>La legislaci\u00f3n nos obliga igualmente a informarle de los derechos que le asisten como ciudadano si nosotros no cumplimos con la Ley. La Agencia Espa\u00f1ola de Protecci\u00f3n de Datos admite denuncias de las personas que consideran que se han vulnerado sus derechos en materia de protecci\u00f3n de datos. Puede encontrar m\u00e1s informaci\u00f3n en www.agpd.es<\/p>\n\n\n\n<p>No obstante, somos escrupulosos con la Ley y cualquier incidencia podr\u00e1 ser resuelta. P\u00f3ngase en contacto con nosotros en&nbsp;<a href=\"mailto:inmaculada@santacruzabogados.com\">info@divorciossevilla.com<\/a><\/p>\n","protected":false},"excerpt":{"rendered":"<p>Qui\u00e9nes somos Texto sugerido: La direcci\u00f3n de nuestra web es: https:\/\/divorciossevilla.com. FRANCISCO JAVIER VALVERDE L\u00d3PEZ-CA\u00d1ETE, con email\u00a0info@divorciossevilla.com, tel\u00e9fono 954.690.33 y domicilio en C\/Zeus, Local sn, 41014, Sevilla, es abogado y responsable del equipo Divorcios Sevilla. Hacemos tratamiento de datos de nuestros clientes y contactos en estricto cumplimiento de la Ley. Nos obliga el secreto profesional &#8230; <a title=\"Pol\u00edtica privacidad\" class=\"read-more\" href=\"https:\/\/divorciossevilla.com\/index.php\/politica-privacidad\/\" aria-label=\"Read more about Pol\u00edtica privacidad\">Read more<\/a><\/p>\n","protected":false},"author":1,"featured_media":0,"parent":0,"menu_order":5,"comment_status":"closed","ping_status":"closed","template":"","meta":{"footnotes":""},"class_list":["post-3","page","type-page","status-publish"],"_links":{"self":[{"href":"https:\/\/divorciossevilla.com\/index.php\/wp-json\/wp\/v2\/pages\/3","targetHints":{"allow":["GET"]}}],"collection":[{"href":"https:\/\/divorciossevilla.com\/index.php\/wp-json\/wp\/v2\/pages"}],"about":[{"href":"https:\/\/divorciossevilla.com\/index.php\/wp-json\/wp\/v2\/types\/page"}],"author":[{"embeddable":true,"href":"https:\/\/divorciossevilla.com\/index.php\/wp-json\/wp\/v2\/users\/1"}],"replies":[{"embeddable":true,"href":"https:\/\/divorciossevilla.com\/index.php\/wp-json\/wp\/v2\/comments?post=3"}],"version-history":[{"count":5,"href":"https:\/\/divorciossevilla.com\/index.php\/wp-json\/wp\/v2\/pages\/3\/revisions"}],"predecessor-version":[{"id":95,"href":"https:\/\/divorciossevilla.com\/index.php\/wp-json\/wp\/v2\/pages\/3\/revisions\/95"}],"wp:attachment":[{"href":"https:\/\/divorciossevilla.com\/index.php\/wp-json\/wp\/v2\/media?parent=3"}],"curies":[{"name":"wp","href":"https:\/\/api.w.org\/{rel}","templated":true}]}}