{"id":52,"date":"2023-04-25T10:47:07","date_gmt":"2023-04-25T10:47:07","guid":{"rendered":"https:\/\/divorciossevilla.com\/?page_id=52"},"modified":"2026-03-05T11:12:01","modified_gmt":"2026-03-05T11:12:01","slug":"que-aportamos","status":"publish","type":"page","link":"https:\/\/divorciossevilla.com\/index.php\/que-aportamos\/","title":{"rendered":"\u00bfPor qu\u00e9 nosotros?"},"content":{"rendered":"\n<p><\/p>\n\n\n\n<h5 class=\"wp-block-heading\">En&nbsp;<strong>Divorcios Sevilla<\/strong>, nuestros abogados especialistas en derecho de familia, prestan&nbsp;<strong>asesoramiento altamente especializado<\/strong>&nbsp;a las personas que nos conf\u00edan su situaci\u00f3n.<br><br><strong><em>Minimiza el sufrimiento familiar, tuyo y sobre todo de los ni\u00f1os. <\/em><\/strong><br><strong><em>Gestionamos tu caso con m\u00e1ximo cuidado y respeto, protegiendo los intereses de tus hijos y los tuyos. &nbsp;<\/em><\/strong><\/h5>\n\n\n\n<p><strong>Divorcios Sevilla<\/strong>&nbsp;es un&nbsp;<strong>despacho de abogados<\/strong>&nbsp;con un equipo cualificado y con experiencia desde 1.995, que prestan asesoramiento y asistencia a personas en todas las materias relativas en el derecho de familia, tanto de forma preventiva como en la gesti\u00f3n \u00edntegra de la separaci\u00f3n \u00f3 el divorcio y la liquidaci\u00f3n de gananciales, una vez se ha producido una ruptura \u00f3 existe un hijo en com\u00fan entre dos personas, fruto de una relaci\u00f3n. Tambi\u00e9n habr\u00e1 que actuar debidamente y con la m\u00e1xima diligencia, en caso de una pareja sin hijos, est\u00e9n \u00f3 no casadas.<\/p>\n\n\n\n<p>Aqu\u00ed no solo resolvemos tus problemas legales; tambi\u00e9n nos guiamos por unos principios que marcan la diferencia y que son una m\u00e1quina de potenciar el boca-boca y sembrar nuevos clientes. Siempre tenemos ese fin.<\/p>\n\n\n\n<p># \ud83c\udfa7 <strong>Acompa\u00f1amiento<\/strong><\/p>\n\n\n\n<p>Nos ponemos en tu lugar y te acompa\u00f1amos durante el proceso. Cada caso es \u00fanico y lo tratamos como tal, escuch\u00e1ndote y comprendiendo tus necesidades.<\/p>\n\n\n\n<p># \ud83d\udcac <strong>Claridad<\/strong><\/p>\n\n\n\n<p>Te decimos las cosas claras, sin rodeos y en un lenguaje que hasta tu hijo de 10 a\u00f1os puede entenderlo. La transparencia es nuestra bandera y tu tranquilidad, nuestra misi\u00f3n.<\/p>\n\n\n\n<p># \ud83d\udd25 V<strong>ocaci\u00f3n<\/strong><\/p>\n\n\n\n<p>Nos encanta lo que hacemos y luchamos por tus derechos con dedicaci\u00f3n y compromiso. Nuestro legado es mejorar indudablemente la vida de clientes que han pasado por nuestras manos.<\/p>\n\n\n\n<p># \ud83e\udd16 <strong>Alta Especializaci\u00f3n<\/strong><\/p>\n\n\n\n<p>Somos aut\u00e9nticos frikis de las materias que nos encantan. No somos generalistas, somos especialistas. Nos permitimos llevar \u00fanicamente los asuntos en los que somos realmente buenos y nos gustan.<\/p>\n\n\n\n<p># \ud83c\udfaf <strong>Estrategia<\/strong><\/p>\n\n\n\n<p>Dise\u00f1amos planes de acci\u00f3n efectivos y personalizados, evitando que gastes tiempo y dinero innecesarios, teniendo siempre como m\u00e1xima tu salud mental y evitar guerras innecesarias.<\/p>\n\n\n\n<p># \ud83d\udee0\ufe0f<strong> Soluciones Pr\u00e1cticas<\/strong><\/p>\n\n\n\n<p>Te ofrecemos soluciones que funcionan, reduciendo al m\u00ednimo los costes, riesgos y muy importante: evitamos desgaste emocional y noches sin dormir.<\/p>\n\n\n\n<p># \ud83c\udfc6 <strong>Experiencia<\/strong><\/p>\n\n\n\n<p>M\u00e1s de 25 a\u00f1os de \u00e9xitos nos respaldan. Sabemos c\u00f3mo manejar cualquier situaci\u00f3n con la m\u00e1xima eficacia.<\/p>\n\n\n\n<p>Gracias a todo ello, en <a href=\"https:\/\/divorciossevilla.com\/index.php\/contacto\/\" data-type=\"page\" data-id=\"44\">Divorcios Sevilla<\/a>, podemos presumir de tener un&nbsp;<strong>alto porcentaje de \u00e9xito y tener resultados demostrables<\/strong>.<\/p>\n\n\n\n<p>Filtramos los distintos asuntos que nos presentan los clientes para hacernos cargos s\u00f3lo los que consideramos viables y los que podemos atender de forma solvente. Gracias a ello en&nbsp;<strong>Divorcios Sevilla&nbsp;<\/strong>podemos presumir de tener un&nbsp;<strong>alt\u00edsimo porcentaje de \u00e9xito<\/strong>.<\/p>\n\n\n\n<p>En&nbsp;<strong>Divorcios Sevilla<\/strong>&nbsp;evitamos sorpresas a nuestros clientes ofreciendo&nbsp;<strong>siempre un presupuesto cerrado,&nbsp;<\/strong>donde se ofrecen unos<strong>&nbsp;honorarios justos<\/strong>&nbsp;para ambas partes&nbsp;por el trabajo realizado. Nuestro punto fuerte no es el precio, porque preferimos dar un asesoramiento de m\u00e1xima calidad. Nos adaptamos a las necesidades del cliente ofreci\u00e9ndole facilidades de pago si las precisa.<\/p>\n\n\n\n<p><strong>Sabemos que el proceso de separaci\u00f3n \u00f3 divorcio puede ser traum\u00e1tico, abrumador, inc\u00f3modo, y muy estresante<\/strong>, por lo que nos esforzamos por hacer que este proceso sea lo m\u00e1s sencillo y sin complicaciones para ti en la medida de lo posible, buscando las mejores soluciones y agotando la v\u00eda amistosa y extrajudicial antes de pasar a un procedimiento contencioso.<\/p>\n\n\n\n<p>Nuestros servicios incluyen una evaluaci\u00f3n detallada y exhaustiva de la situaci\u00f3n, asesoramiento en la toma de decisiones clave y posibilidades, asesoramiento en todo el proceso, y gesti\u00f3n de cualquier litigio que pueda surgir.<strong>&nbsp;Nos aseguramos de que nuestros clientes est\u00e9n bien informados y c\u00f3modos durante todo el proceso.<\/strong><br><br><\/p>\n\n\n\n<h4 class=\"wp-block-heading\" style=\"font-style:normal;font-weight:600\">\u00bfPor qu\u00e9 nos has encontrado? \u00bfPor qu\u00e9 est\u00e1s leyendo esto?<br><\/h4>\n\n\n\n<p>Destacamos por nuestro <strong>buen trabajo y reputaci\u00f3n online<\/strong>. En el mundo digital, lo bueno y lo malo se sabe r\u00e1pido. Por eso, cada cliente es tratado como nos gustar\u00eda ser tratados: con respeto, atenci\u00f3n y empat\u00eda.<\/p>\n\n\n\n<p>Queremos que est\u00e9s a gusto y que los <strong>costes (tiempo \u23f0, dinero \ud83d\udcb6 y emocionales \ud83d\ude2a) sean los m\u00ednimos<\/strong> necesarios (ojo, no hablamos de honorarios bajos, eso no te gustar\u00eda ni te dar\u00eda confianza).<br><br>Tratamos cada caso como si fuera el \u00fanico, de forma s\u00faper personalizada, sin mirar el reloj y asegur\u00e1ndonos de contemplar todas las posibles situaciones y consecuencias, para evitar problemas futuros.<\/p>\n\n\n\n<h2 class=\"wp-block-heading\">En&nbsp;<a href=\"https:\/\/www.divorciossevilla.com\/\">Divorcios Sevilla<\/a>&nbsp;evitamos sorpresas a nuestros clientes ofreciendo&nbsp;<strong>siempre un presupuesto cerrado&nbsp;<\/strong>donde se ofrecen unos<strong>&nbsp;honorarios justos<\/strong>&nbsp;por el trabajo realizado y la responsabilidad asumida. Est\u00e1s poniendo tu presente y tu futuro en nuestras manos. Somos plenamente conscientes de ello. <\/h2>\n\n\n\n<p>Aqu\u00ed no ofrecemos servicios a precios rid\u00edculos para atraer masas. Nuestro trabajo es minucioso y exhaustivo. No trabajamos gratis ni por resultados inciertos.&nbsp;<br><br>Nuestro compromiso es contigo, y eso se refleja en cada convenio que elaboramos, cada sentencia que conseguimos, cada escritura que firmamos.<\/p>\n\n\n\n<p><\/p>\n\n\n\n<p>Si necesitas ayuda en la gesti\u00f3n integral de tu separaci\u00f3n \u00f3 divorcio, no dudes en contactar con nosotros. Nuestro equipo de abogados altamente especializados est\u00e1n aqu\u00ed para ayudarte en todo lo que necesites. \u00a1No te preocupes m\u00e1s por el proceso de gesti\u00f3n de herencias y d\u00e9janos encargarnos de ello por ti!<\/p>\n\n\n\n<h3 class=\"wp-block-heading\"><strong>Con\u00f3cenos y seremos tus profesionales de confianza, y los de tu familia y amigos. <\/strong><\/h3>\n\n\n\n<h4 class=\"wp-block-heading\">No nos cabe duda.\u00a0<br><br><br><br><strong>Rellena el formulario y quedamos. <\/strong><br><br><style id=\"wpforms-css-vars-40\">\n\t\t\t\t#wpforms-40 {\n\t\t\t\t\n\t\t\t}\n\t\t\t<\/style><div class=\"wpforms-container wpforms-container-full wpforms-render-modern\" id=\"wpforms-40\"><form id=\"wpforms-form-40\" class=\"wpforms-validate wpforms-form wpforms-ajax-form\" data-formid=\"40\" method=\"post\" enctype=\"multipart\/form-data\" action=\"\/index.php\/wp-json\/wp\/v2\/pages\/52\" data-token=\"a0da79874ead9dd3ee304e6229bfac34\" data-token-time=\"1776370433\"><noscript class=\"wpforms-error-noscript\">Please enable JavaScript in your browser to complete this form.<\/noscript><div id=\"wpforms-error-noscript\" style=\"display: none;\">Please enable JavaScript in your browser to complete this form.<\/div><div class=\"wpforms-field-container\"><div id=\"wpforms-40-field_0-container\" class=\"wpforms-field wpforms-field-name\" data-field-id=\"0\"><fieldset><legend class=\"wpforms-field-label\">D\u00e9janos tu nombre y un apellido <span class=\"wpforms-required-label\" aria-hidden=\"true\">*<\/span><\/legend><div class=\"wpforms-field-row wpforms-field-medium\"><div class=\"wpforms-field-row-block wpforms-first wpforms-one-half\"><input type=\"text\" id=\"wpforms-40-field_0\" class=\"wpforms-field-name-first wpforms-field-required\" name=\"wpforms[fields][0][first]\" aria-errormessage=\"wpforms-40-field_0-error\" required><label for=\"wpforms-40-field_0\" class=\"wpforms-field-sublabel after\">First<\/label><\/div><div class=\"wpforms-field-row-block wpforms-one-half\"><input type=\"text\" id=\"wpforms-40-field_0-last\" class=\"wpforms-field-name-last wpforms-field-required\" name=\"wpforms[fields][0][last]\" aria-errormessage=\"wpforms-40-field_0-last-error\" required><label for=\"wpforms-40-field_0-last\" class=\"wpforms-field-sublabel after\">Last<\/label><\/div><\/div><\/fieldset><\/div><div id=\"wpforms-40-field_1-container\" class=\"wpforms-field wpforms-field-email\" data-field-id=\"1\"><label class=\"wpforms-field-label\" for=\"wpforms-40-field_1\">Correo electr\u00f3nico <span class=\"wpforms-required-label\" aria-hidden=\"true\">*<\/span><\/label><input type=\"email\" id=\"wpforms-40-field_1\" class=\"wpforms-field-medium wpforms-field-required\" name=\"wpforms[fields][1]\" spellcheck=\"false\" aria-errormessage=\"wpforms-40-field_1-error\" required><\/div><div id=\"wpforms-40-field_5-container\" class=\"wpforms-field wpforms-field-text\" data-field-id=\"5\"><label class=\"wpforms-field-label\" for=\"wpforms-40-field_5\">N\u00famero para llamarte \u00f3 escribirte<\/label><input type=\"text\" id=\"wpforms-40-field_5\" class=\"wpforms-field-medium\" name=\"wpforms[fields][5]\" aria-errormessage=\"wpforms-40-field_5-error\" ><\/div><div id=\"wpforms-40-field_2-container\" class=\"wpforms-field wpforms-field-textarea\" data-field-id=\"2\"><label class=\"wpforms-field-label\" for=\"wpforms-40-field_2\">Comentario o mensaje<\/label><textarea id=\"wpforms-40-field_2\" class=\"wpforms-field-medium\" name=\"wpforms[fields][2]\" aria-errormessage=\"wpforms-40-field_2-error\" ><\/textarea><\/div><div id=\"wpforms-40-field_3-container\" class=\"wpforms-field wpforms-field-checkbox\" data-field-id=\"3\"><fieldset><legend class=\"wpforms-field-label\">Protecci\u00f3n de datos - RGPD<\/legend><ul id=\"wpforms-40-field_3\"><li class=\"choice-1 depth-1\"><input type=\"checkbox\" id=\"wpforms-40-field_3_1\" name=\"wpforms[fields][3][]\" value=\"Cede los datos proporcionados exclusivamente para los fines que pudieran derivarse del asesoramiento \u00f3 encargo del asunto, conforme a la L.O. 3\/2018 de Protecci\u00f3n de Datos de Car\u00e1cter Personal(LOPDGDD) y en el Reglamento 2016\/679 General de Protecci\u00f3n de Datos de la Uni\u00f3n Europea (RGPD).\" aria-errormessage=\"wpforms-40-field_3_1-error\"  ><label class=\"wpforms-field-label-inline\" for=\"wpforms-40-field_3_1\">Cede los datos proporcionados exclusivamente para los fines que pudieran derivarse del asesoramiento \u00f3 encargo del asunto, conforme a la L.O. 3\/2018 de Protecci\u00f3n de Datos de Car\u00e1cter Personal(LOPDGDD) y en el Reglamento 2016\/679 General de Protecci\u00f3n de Datos de la Uni\u00f3n Europea (RGPD).<\/label><\/li><\/ul><\/fieldset><\/div><\/div><!-- .wpforms-field-container --><div class=\"wpforms-recaptcha-container wpforms-is-recaptcha wpforms-is-recaptcha-type-v3\" ><input type=\"hidden\" name=\"wpforms[recaptcha]\" value=\"\"><\/div><div class=\"wpforms-submit-container\" ><input type=\"hidden\" name=\"wpforms[id]\" value=\"40\"><input type=\"hidden\" name=\"page_title\" value=\"\"><input type=\"hidden\" name=\"page_url\" value=\"https:\/\/divorciossevilla.com\/index.php\/wp-json\/wp\/v2\/pages\/52\"><input type=\"hidden\" name=\"url_referer\" value=\"\"><button type=\"submit\" name=\"wpforms[submit]\" id=\"wpforms-submit-40\" class=\"wpforms-submit\" data-alt-text=\"Enviando...\" data-submit-text=\"Enviar\" aria-live=\"assertive\" value=\"wpforms-submit\">Enviar<\/button><img loading=\"lazy\" decoding=\"async\" src=\"https:\/\/divorciossevilla.com\/wp-content\/plugins\/wpforms-lite\/assets\/images\/submit-spin.svg\" class=\"wpforms-submit-spinner\" style=\"display: none;\" width=\"26\" height=\"26\" alt=\"Loading\"><\/div><\/form><\/div>  <!-- .wpforms-container --><br><\/h4>\n\n\n\n<h6 class=\"wp-block-heading\"><br><br>Tambi\u00e9n puedes contactar por aqu\u00ed:<br><br>\u00a0\ud83d\udcde <strong>666 374 866 <\/strong><\/h6>\n\n\n\n<p>&nbsp;\ud83c\udfdb\ufe0f Despacho: C\/ Zeus, Local s\/n, Jardines de H\u00e9rcules, 41014, Sevilla<\/p>\n\n\n\n<p>&nbsp;\ud83d\udce9 info@divorciossevilla.com<\/p>\n\n\n\n<p>&nbsp;\u231a\ufe0f&nbsp;<strong>LU\/JU<\/strong>: 9:00 \u2013 14:00 y 17:00 \u2013 20:00 |&nbsp;<strong>VI<\/strong>: 9:00 \u2013 14:00<\/p>\n","protected":false},"excerpt":{"rendered":"<p>En&nbsp;Divorcios Sevilla, nuestros abogados especialistas en derecho de familia, prestan&nbsp;asesoramiento altamente especializado&nbsp;a las personas que nos conf\u00edan su situaci\u00f3n. Minimiza el sufrimiento familiar, tuyo y sobre todo de los ni\u00f1os. Gestionamos tu caso con m\u00e1ximo cuidado y respeto, protegiendo los intereses de tus hijos y los tuyos. &nbsp; Divorcios Sevilla&nbsp;es un&nbsp;despacho de abogados&nbsp;con un equipo &#8230; <a title=\"\u00bfPor qu\u00e9 nosotros?\" class=\"read-more\" href=\"https:\/\/divorciossevilla.com\/index.php\/que-aportamos\/\" aria-label=\"Read more about \u00bfPor qu\u00e9 nosotros?\">Read more<\/a><\/p>\n","protected":false},"author":1,"featured_media":0,"parent":0,"menu_order":2,"comment_status":"closed","ping_status":"closed","template":"","meta":{"footnotes":""},"class_list":["post-52","page","type-page","status-publish"],"_links":{"self":[{"href":"https:\/\/divorciossevilla.com\/index.php\/wp-json\/wp\/v2\/pages\/52","targetHints":{"allow":["GET"]}}],"collection":[{"href":"https:\/\/divorciossevilla.com\/index.php\/wp-json\/wp\/v2\/pages"}],"about":[{"href":"https:\/\/divorciossevilla.com\/index.php\/wp-json\/wp\/v2\/types\/page"}],"author":[{"embeddable":true,"href":"https:\/\/divorciossevilla.com\/index.php\/wp-json\/wp\/v2\/users\/1"}],"replies":[{"embeddable":true,"href":"https:\/\/divorciossevilla.com\/index.php\/wp-json\/wp\/v2\/comments?post=52"}],"version-history":[{"count":6,"href":"https:\/\/divorciossevilla.com\/index.php\/wp-json\/wp\/v2\/pages\/52\/revisions"}],"predecessor-version":[{"id":243,"href":"https:\/\/divorciossevilla.com\/index.php\/wp-json\/wp\/v2\/pages\/52\/revisions\/243"}],"wp:attachment":[{"href":"https:\/\/divorciossevilla.com\/index.php\/wp-json\/wp\/v2\/media?parent=52"}],"curies":[{"name":"wp","href":"https:\/\/api.w.org\/{rel}","templated":true}]}}