{"id":75,"date":"2023-05-22T17:26:48","date_gmt":"2023-05-22T17:26:48","guid":{"rendered":"https:\/\/divorciossevilla.com\/?page_id=75"},"modified":"2025-06-02T10:06:18","modified_gmt":"2025-06-02T10:06:18","slug":"quienes-somos","status":"publish","type":"page","link":"https:\/\/divorciossevilla.com\/index.php\/quienes-somos\/","title":{"rendered":"El abogado"},"content":{"rendered":"\n<p><br>Con\u00f3ceme, soy <strong><a href=\"http:\/\/<div class=&quot;badge-base LI-profile-badge&quot; data-locale=&quot;es_ES&quot; data-size=&quot;medium&quot; data-theme=&quot;dark&quot; data-type=&quot;VERTICAL&quot; data-vanity=&quot;fjvlc&quot; data-version=&quot;v1&quot;&gt;<a class=&quot;badge-base__link LI-simple-link&quot; href=&quot;https:\/\/es.linkedin.com\/in\/fjvlc?trk=profile-badge&quot;&gt;Francisco Javier Valverde L\u00f3pez - Ca\u00f1ete<\/a&gt;<\/div&gt;\">Francisco Javier Valverde L\u00f3pez-Ca\u00f1ete<\/a><\/strong>, <strong>abogado y mediador con m\u00e1s de una d\u00e9cada de experiencia<\/strong> <strong>en derecho de familia en Sevilla<\/strong>. <br><br><\/p>\n\n\n\n<h3 class=\"wp-block-heading\"><strong>\u00bfQu\u00e9 llevo principalmente? Lo que me gusta y me divierte.<\/strong><br><\/h3>\n\n\n\n<p><strong>Divorcios y Separaciones:<\/strong>\u00a0Minimiza el sufrimiento familiar, tuyo y sobre todo de los ni\u00f1os. Gestionamos tu caso con m\u00e1ximo cuidado y respeto, protegiendo a padres e hijos.<br><br><br>Desde 2.012, he dedicado mi carrera a simplificar el complicado proceso de separaciones y divorcios para mis clientes y sus hijos en Sevilla. <br><br>Especialista igualmente en Violencia de G\u00e9nero y con experiencia en dicha jurisdicci\u00f3n desde el a\u00f1o 2.012.<br><br>Mediante el conocimiento de la ley y la mediaci\u00f3n, trabajo para encontrar soluciones equilibradas y justas, minimizando el estr\u00e9s y asegurando que los intereses de mis clientes siempre sean la prioridad. <br><br>Tu tranquilidad es mi objetivo, d\u00e9jame ayudarte a navegar por estos tiempos dif\u00edciles con mi experiencia y dedicaci\u00f3n.<\/p>\n\n\n\n<figure class=\"wp-block-image size-full\"><img decoding=\"async\" width=\"539\" height=\"730\" src=\"https:\/\/divorciossevilla.com\/wp-content\/uploads\/2023\/05\/001-edited.jpg\" alt=\"\" class=\"wp-image-78\" srcset=\"https:\/\/divorciossevilla.com\/wp-content\/uploads\/2023\/05\/001-edited.jpg 539w, https:\/\/divorciossevilla.com\/wp-content\/uploads\/2023\/05\/001-edited-222x300.jpg 222w\" sizes=\"(max-width: 539px) 100vw, 539px\" \/><\/figure>\n\n\n\n<p>Muchas gracias por contactar con el despacho Divorcios Sevilla.<br><br>Puedes visitar mi perfil de linkedin aqu\u00ed:<br><\/p>\n\n\n\n<p><a href=\"https:\/\/es.linkedin.com\/in\/fjvlc?trk=profile-badge\">Francisco Javier Valverde L\u00f3pez &#8211; Ca\u00f1ete<\/a><\/p>\n\n\n\n<p>Miembro del Ilustre Colegio de Abogados de Sevilla con n\u00famero de colegiado 13.609. <br><br><br>Puedes contactarme en el:<br><br>\u00a0\ud83d\udcde 954 690 334 | 666 374 866<\/p>\n\n\n\n<p>&nbsp;\ud83c\udfdb\ufe0f Despacho: C\/ Zeus, Local s\/n, Jardines de H\u00e9rcules, 41014, Sevilla<\/p>\n\n\n\n<p>&nbsp;\ud83d\udce9 info@divorciossevilla.com<\/p>\n\n\n\n<p>&nbsp;\u231a\ufe0f&nbsp;<strong>LU\/JU<\/strong>: 9:00 \u2013 14:00 y 17:00 \u2013 20:00 |&nbsp;<strong>VI<\/strong>: 9:00 \u2013 14:00<\/p>\n","protected":false},"excerpt":{"rendered":"<p>Con\u00f3ceme, soy Francisco Javier Valverde L\u00f3pez-Ca\u00f1ete, abogado y mediador con m\u00e1s de una d\u00e9cada de experiencia en derecho de familia en Sevilla. \u00bfQu\u00e9 llevo principalmente? Lo que me gusta y me divierte. Divorcios y Separaciones:\u00a0Minimiza el sufrimiento familiar, tuyo y sobre todo de los ni\u00f1os. Gestionamos tu caso con m\u00e1ximo cuidado y respeto, protegiendo a &#8230; <a title=\"El abogado\" class=\"read-more\" href=\"https:\/\/divorciossevilla.com\/index.php\/quienes-somos\/\" aria-label=\"Read more about El abogado\">Read more<\/a><\/p>\n","protected":false},"author":1,"featured_media":0,"parent":0,"menu_order":1,"comment_status":"closed","ping_status":"closed","template":"","meta":{"footnotes":""},"class_list":["post-75","page","type-page","status-publish"],"_links":{"self":[{"href":"https:\/\/divorciossevilla.com\/index.php\/wp-json\/wp\/v2\/pages\/75","targetHints":{"allow":["GET"]}}],"collection":[{"href":"https:\/\/divorciossevilla.com\/index.php\/wp-json\/wp\/v2\/pages"}],"about":[{"href":"https:\/\/divorciossevilla.com\/index.php\/wp-json\/wp\/v2\/types\/page"}],"author":[{"embeddable":true,"href":"https:\/\/divorciossevilla.com\/index.php\/wp-json\/wp\/v2\/users\/1"}],"replies":[{"embeddable":true,"href":"https:\/\/divorciossevilla.com\/index.php\/wp-json\/wp\/v2\/comments?post=75"}],"version-history":[{"count":9,"href":"https:\/\/divorciossevilla.com\/index.php\/wp-json\/wp\/v2\/pages\/75\/revisions"}],"predecessor-version":[{"id":188,"href":"https:\/\/divorciossevilla.com\/index.php\/wp-json\/wp\/v2\/pages\/75\/revisions\/188"}],"wp:attachment":[{"href":"https:\/\/divorciossevilla.com\/index.php\/wp-json\/wp\/v2\/media?parent=75"}],"curies":[{"name":"wp","href":"https:\/\/api.w.org\/{rel}","templated":true}]}}